{"id":736,"date":"2024-05-27T09:35:07","date_gmt":"2024-05-27T09:35:07","guid":{"rendered":"https:\/\/demo.bosathemes.com\/bosa\/mobile-app\/?page_id=561"},"modified":"2026-03-10T02:35:21","modified_gmt":"2026-03-10T01:35:21","slug":"about-us","status":"publish","type":"page","link":"https:\/\/www.app-bluered.com\/fr\/about-us\/","title":{"rendered":"\u00c0 propos"},"content":{"rendered":"<div data-elementor-type=\"wp-page\" data-elementor-id=\"736\" class=\"elementor elementor-736\" data-elementor-post-type=\"page\">\n\t\t\t\t<div class=\"elementor-element elementor-element-ca3820a e-flex e-con-boxed e-con e-parent\" data-id=\"ca3820a\" data-element_type=\"container\" data-settings=\"{&quot;background_background&quot;:&quot;gradient&quot;}\">\n\t\t\t\t\t<div class=\"e-con-inner\">\n\t\t<div class=\"elementor-element elementor-element-a18c70a e-flex e-con-boxed e-con e-child\" data-id=\"a18c70a\" data-element_type=\"container\">\n\t\t\t\t\t<div class=\"e-con-inner\">\n\t\t\t\t<div class=\"elementor-element elementor-element-7a17344 elementor-widget elementor-widget-heading\" data-id=\"7a17344\" data-element_type=\"widget\" data-widget_type=\"heading.default\">\n\t\t\t\t<div class=\"elementor-widget-container\">\n\t\t\t\t\t<h2 class=\"elementor-heading-title elementor-size-default\">\u00c0 propos<\/h2>\t\t\t\t<\/div>\n\t\t\t\t<\/div>\n\t\t\t\t\t<\/div>\n\t\t\t\t<\/div>\n\t\t\t\t\t<\/div>\n\t\t\t\t<\/div>\n\t\t<div class=\"elementor-element elementor-element-4d918e2 e-flex e-con-boxed e-con e-parent\" data-id=\"4d918e2\" data-element_type=\"container\">\n\t\t\t\t\t<div class=\"e-con-inner\">\n\t\t<div class=\"elementor-element elementor-element-92b5375 e-flex e-con-boxed e-con e-child\" data-id=\"92b5375\" data-element_type=\"container\">\n\t\t\t\t\t<div class=\"e-con-inner\">\n\t\t<div class=\"elementor-element elementor-element-5156ea1 e-flex e-con-boxed e-con e-child\" data-id=\"5156ea1\" data-element_type=\"container\">\n\t\t\t\t\t<div class=\"e-con-inner\">\n\t\t<div class=\"elementor-element elementor-element-925eebf e-con-full e-flex e-con e-child\" data-id=\"925eebf\" data-element_type=\"container\">\n\t\t<div class=\"elementor-element elementor-element-e607a8f e-con-full e-flex e-con e-child\" data-id=\"e607a8f\" data-element_type=\"container\">\n\t\t\t\t<div class=\"elementor-element elementor-element-5aeb117 elementor-widget__width-initial elementor-widget elementor-widget-elementskit-heading\" data-id=\"5aeb117\" data-element_type=\"widget\" data-widget_type=\"elementskit-heading.default\">\n\t\t\t\t<div class=\"elementor-widget-container\">\n\t\t\t\t\t<div class=\"ekit-wid-con\" ><div class=\"ekit-heading elementskit-section-title-wraper text_center   ekit_heading_tablet-   ekit_heading_mobile-text_center\"><h3 class=\"elementskit-section-subtitle\">\n\t\t\t\t\t\tPR\u00c9SENTATION\n\t\t\t\t\t<\/h3><h2 class=\"ekit-heading--title elementskit-section-title\">Construire l\u2019avenir de la sant\u00e9 num\u00e9rique<\/h2>\t\t\t\t<div class='ekit-heading__description'>\n\t\t\t\t\t<p>Edenim Group LLC est une entreprise technologique bas\u00e9e aux \u00c9tats-Unis, \u00e0 l\u2019avant-garde de l\u2019innovation en sant\u00e9 num\u00e9rique. Nous sommes sp\u00e9cialis\u00e9s dans le d\u00e9veloppement d\u2019applications mobiles \u00e0 l\u2019intersection de la sant\u00e9, de la nutrition et du bien-\u00eatre personnel.\n\nFond\u00e9e avec une mission claire \u2014 simplifier et am\u00e9liorer la gestion de la sant\u00e9 gr\u00e2ce \u00e0 des outils intelligents et intuitifs \u2014 notre entreprise d\u00e9veloppe des plateformes mobiles qui permettent aux individus de prendre le contr\u00f4le de leur bien-\u00eatre tout en renfor\u00e7ant l\u2019impact des organisations.<\/p>\n\t\t\t\t<\/div>\n\t\t\t<\/div><\/div>\t\t\t\t<\/div>\n\t\t\t\t<\/div>\n\t\t\t\t<\/div>\n\t\t\t\t<div class=\"elementor-element elementor-element-8bba1b4 elementor-widget elementor-widget-heading\" data-id=\"8bba1b4\" data-element_type=\"widget\" data-widget_type=\"heading.default\">\n\t\t\t\t<div class=\"elementor-widget-container\">\n\t\t\t\t\t<h2 class=\"elementor-heading-title elementor-size-default\">\n<\/h2>\t\t\t\t<\/div>\n\t\t\t\t<\/div>\n\t\t\t\t<\/div>\n\t\t\t\t\t<\/div>\n\t\t\t\t<\/div>\n\t\t<div class=\"elementor-element elementor-element-253f176 e-con-full e-flex e-con e-child\" data-id=\"253f176\" data-element_type=\"container\">\n\t\t\t\t<div class=\"elementor-element elementor-element-fa96d4f elementor-widget elementor-widget-image\" data-id=\"fa96d4f\" data-element_type=\"widget\" data-widget_type=\"image.default\">\n\t\t\t\t<div class=\"elementor-widget-container\">\n\t\t\t\t\t\t\t\t\t\t\t\t\t\t\t<img fetchpriority=\"high\" decoding=\"async\" width=\"720\" height=\"439\" src=\"https:\/\/www.app-bluered.com\/wp-content\/uploads\/2025\/12\/website_logo_about.png\" class=\"attachment-large size-large wp-image-1933\" alt=\"\" srcset=\"https:\/\/www.app-bluered.com\/wp-content\/uploads\/2025\/12\/website_logo_about.png 1024w, https:\/\/www.app-bluered.com\/wp-content\/uploads\/2025\/12\/website_logo_about-300x183.png 300w, https:\/\/www.app-bluered.com\/wp-content\/uploads\/2025\/12\/website_logo_about-768x468.png 768w, https:\/\/www.app-bluered.com\/wp-content\/uploads\/2025\/12\/website_logo_about-600x366.png 600w\" sizes=\"(max-width: 720px) 100vw, 720px\" \/>\t\t\t\t\t\t\t\t\t\t\t\t\t\t\t<\/div>\n\t\t\t\t<\/div>\n\t\t\t\t<\/div>\n\t\t\t\t\t<\/div>\n\t\t\t\t<\/div>\n\t\t\t\t\t<\/div>\n\t\t\t\t<\/div>\n\t\t<div class=\"elementor-element elementor-element-58489bc e-flex e-con-boxed e-con e-parent\" data-id=\"58489bc\" data-element_type=\"container\" data-settings=\"{&quot;background_background&quot;:&quot;classic&quot;}\">\n\t\t\t\t\t<div class=\"e-con-inner\">\n\t\t<div class=\"elementor-element elementor-element-45b8024 e-con-full e-flex e-con e-child\" data-id=\"45b8024\" data-element_type=\"container\">\n\t\t<div class=\"elementor-element elementor-element-f5dd0d6 e-con-full e-flex e-con e-child\" data-id=\"f5dd0d6\" data-element_type=\"container\">\n\t\t<div class=\"elementor-element elementor-element-5e0a1db e-con-full e-flex e-con e-child\" data-id=\"5e0a1db\" data-element_type=\"container\">\n\t\t<div class=\"elementor-element elementor-element-ddd1e34 e-con-full e-flex e-con e-child\" data-id=\"ddd1e34\" data-element_type=\"container\" data-settings=\"{&quot;background_background&quot;:&quot;classic&quot;}\">\n\t\t<div class=\"elementor-element elementor-element-9d3bcca e-con-full e-flex e-con e-child\" data-id=\"9d3bcca\" data-element_type=\"container\">\n\t\t<div class=\"elementor-element elementor-element-14d549c e-con-full e-flex e-con e-child\" data-id=\"14d549c\" data-element_type=\"container\">\n\t\t\t\t<div class=\"elementor-element elementor-element-83ad77f elementor-widget elementor-widget-heading\" data-id=\"83ad77f\" data-element_type=\"widget\" data-widget_type=\"heading.default\">\n\t\t\t\t<div class=\"elementor-widget-container\">\n\t\t\t\t\t<h2 class=\"elementor-heading-title elementor-size-default\">Notre mission<\/h2>\t\t\t\t<\/div>\n\t\t\t\t<\/div>\n\t\t\t\t<div class=\"elementor-element elementor-element-a8d5db1 elementor-widget__width-initial elementor-widget elementor-widget-elementskit-heading\" data-id=\"a8d5db1\" data-element_type=\"widget\" data-widget_type=\"elementskit-heading.default\">\n\t\t\t\t<div class=\"elementor-widget-container\">\n\t\t\t\t\t<div class=\"ekit-wid-con\" ><div class=\"ekit-heading elementskit-section-title-wraper text_center   ekit_heading_tablet-   ekit_heading_mobile-text_center\"><h3 class=\"elementskit-section-subtitle\">\n\t\t\t\t\t\tPour une sant\u00e9 plus intelligente pour tous\n\t\t\t\t\t<\/h3>\t\t\t\t<div class='ekit-heading__description'>\n\t\t\t\t\t<p>Transformer la mani\u00e8re dont les personnes g\u00e8rent leur sant\u00e9 en cr\u00e9ant des outils num\u00e9riques accessibles, s\u00e9curis\u00e9s et con\u00e7us pour r\u00e9pondre aux besoins de la vie r\u00e9elle, du bien-\u00eatre quotidien aux situations d\u2019urgence.<\/p>\n\t\t\t\t<\/div>\n\t\t\t<\/div><\/div>\t\t\t\t<\/div>\n\t\t\t\t<\/div>\n\t\t<div class=\"elementor-element elementor-element-8c50e51 e-con-full e-flex e-con e-child\" data-id=\"8c50e51\" data-element_type=\"container\">\n\t\t\t\t<\/div>\n\t\t\t\t<\/div>\n\t\t\t\t<\/div>\n\t\t\t\t<\/div>\n\t\t\t\t<\/div>\n\t\t\t\t<\/div>\n\t\t\t\t<\/div>\n\t\t<div class=\"elementor-element elementor-element-4f217f0 e-con-full e-flex e-con e-child\" data-id=\"4f217f0\" data-element_type=\"container\">\n\t\t<div class=\"elementor-element elementor-element-389ddc7 e-con-full e-flex e-con e-child\" data-id=\"389ddc7\" data-element_type=\"container\" data-settings=\"{&quot;background_background&quot;:&quot;classic&quot;}\">\n\t\t<div class=\"elementor-element elementor-element-bf7c6da e-con-full e-flex e-con e-child\" data-id=\"bf7c6da\" data-element_type=\"container\">\n\t\t<div class=\"elementor-element elementor-element-c3b8068 e-con-full e-flex e-con e-child\" data-id=\"c3b8068\" data-element_type=\"container\">\n\t\t<div class=\"elementor-element elementor-element-150169d e-con-full e-flex e-con e-child\" data-id=\"150169d\" data-element_type=\"container\">\n\t\t\t\t<div class=\"elementor-element elementor-element-8b70b16 elementor-widget elementor-widget-heading\" data-id=\"8b70b16\" data-element_type=\"widget\" data-widget_type=\"heading.default\">\n\t\t\t\t<div class=\"elementor-widget-container\">\n\t\t\t\t\t<h2 class=\"elementor-heading-title elementor-size-default\">Notre vision<\/h2>\t\t\t\t<\/div>\n\t\t\t\t<\/div>\n\t\t\t\t<div class=\"elementor-element elementor-element-ca59257 elementor-widget__width-initial elementor-widget elementor-widget-elementskit-heading\" data-id=\"ca59257\" data-element_type=\"widget\" data-widget_type=\"elementskit-heading.default\">\n\t\t\t\t<div class=\"elementor-widget-container\">\n\t\t\t\t\t<div class=\"ekit-wid-con\" ><div class=\"ekit-heading elementskit-section-title-wraper text_center   ekit_heading_tablet-   ekit_heading_mobile-text_center\"><h3 class=\"elementskit-section-subtitle\">\n\t\t\t\t\t\tUn avenir meilleur pour la sant\u00e9 de chacun\n\t\t\t\t\t<\/h3>\t\t\t\t<div class='ekit-heading__description'>\n\t\t\t\t\t<p>Rendre la gestion de la sant\u00e9 plus simple, plus intelligente et plus accessible \u2014 que vous g\u00e9riez votre poids, suiviez votre historique m\u00e9dical ou naviguiez dans le syst\u00e8me de soins lors de vos voyages \u00e0 travers le monde.<\/p>\n\t\t\t\t<\/div>\n\t\t\t<\/div><\/div>\t\t\t\t<\/div>\n\t\t\t\t<\/div>\n\t\t\t\t<\/div>\n\t\t\t\t<\/div>\n\t\t\t\t<\/div>\n\t\t\t\t<\/div>\n\t\t\t\t<\/div>\n\t\t\t\t\t<\/div>\n\t\t\t\t<\/div>\n\t\t<div class=\"elementor-element elementor-element-86ddf0b e-flex e-con-boxed e-con e-parent\" data-id=\"86ddf0b\" data-element_type=\"container\" data-settings=\"{&quot;background_background&quot;:&quot;gradient&quot;}\">\n\t\t\t\t\t<div class=\"e-con-inner\">\n\t\t<div class=\"elementor-element elementor-element-11007b0 e-flex e-con-boxed e-con e-child\" data-id=\"11007b0\" data-element_type=\"container\">\n\t\t\t\t\t<div class=\"e-con-inner\">\n\t\t<div class=\"elementor-element elementor-element-f68e2ec e-flex e-con-boxed e-con e-child\" data-id=\"f68e2ec\" data-element_type=\"container\">\n\t\t\t\t\t<div class=\"e-con-inner\">\n\t\t<div class=\"elementor-element elementor-element-7e0149e e-con-full e-flex e-con e-child\" data-id=\"7e0149e\" data-element_type=\"container\">\n\t\t\t\t<div class=\"elementor-element elementor-element-09a522c elementor-widget elementor-widget-text-editor\" data-id=\"09a522c\" data-element_type=\"widget\" data-widget_type=\"text-editor.default\">\n\t\t\t\t<div class=\"elementor-widget-container\">\n\t\t\t\t\t\t\t\t\t<p><strong>Une technologie de sant\u00e9 au service d\u2019une mission<\/strong><\/p>\t\t\t\t\t\t\t\t<\/div>\n\t\t\t\t<\/div>\n\t\t\t\t<div class=\"elementor-element elementor-element-a1fbc74 elementor-widget elementor-widget-heading\" data-id=\"a1fbc74\" data-element_type=\"widget\" data-widget_type=\"heading.default\">\n\t\t\t\t<div class=\"elementor-widget-container\">\n\t\t\t\t\t<h2 class=\"elementor-heading-title elementor-size-default\">Notre philosophie <\/h2>\t\t\t\t<\/div>\n\t\t\t\t<\/div>\n\t\t\t\t<div class=\"elementor-element elementor-element-0f880b1 elementor-tablet-align-start elementor-icon-list--layout-traditional elementor-list-item-link-full_width elementor-widget elementor-widget-icon-list\" data-id=\"0f880b1\" data-element_type=\"widget\" data-widget_type=\"icon-list.default\">\n\t\t\t\t<div class=\"elementor-widget-container\">\n\t\t\t\t\t\t\t<ul class=\"elementor-icon-list-items\">\n\t\t\t\t\t\t\t<li class=\"elementor-icon-list-item\">\n\t\t\t\t\t\t\t\t\t\t\t<span class=\"elementor-icon-list-icon\">\n\t\t\t\t\t\t\t<svg aria-hidden=\"true\" class=\"e-font-icon-svg e-fas-check-circle\" viewbox=\"0 0 512 512\" xmlns=\"http:\/\/www.w3.org\/2000\/svg\"><path d=\"M504 256c0 136.967-111.033 248-248 248S8 392.967 8 256 119.033 8 256 8s248 111.033 248 248zM227.314 387.314l184-184c6.248-6.248 6.248-16.379 0-22.627l-22.627-22.627c-6.248-6.249-16.379-6.249-22.628 0L216 308.118l-70.059-70.059c-6.248-6.248-16.379-6.248-22.628 0l-22.627 22.627c-6.248 6.248-6.248 16.379 0 22.627l104 104c6.249 6.249 16.379 6.249 22.628.001z\"><\/path><\/svg>\t\t\t\t\t\t<\/span>\n\t\t\t\t\t\t\t\t\t\t<span class=\"elementor-icon-list-text\">La s\u00e9curit\u00e9 des donn\u00e9es au c\u0153ur de notre approche, et non comme une simple r\u00e9flexion apr\u00e8s coup<\/span>\n\t\t\t\t\t\t\t\t\t<\/li>\n\t\t\t\t\t\t\t\t<li class=\"elementor-icon-list-item\">\n\t\t\t\t\t\t\t\t\t\t\t<span class=\"elementor-icon-list-icon\">\n\t\t\t\t\t\t\t<svg aria-hidden=\"true\" class=\"e-font-icon-svg e-fas-check-circle\" viewbox=\"0 0 512 512\" xmlns=\"http:\/\/www.w3.org\/2000\/svg\"><path d=\"M504 256c0 136.967-111.033 248-248 248S8 392.967 8 256 119.033 8 256 8s248 111.033 248 248zM227.314 387.314l184-184c6.248-6.248 6.248-16.379 0-22.627l-22.627-22.627c-6.248-6.249-16.379-6.249-22.628 0L216 308.118l-70.059-70.059c-6.248-6.248-16.379-6.248-22.628 0l-22.627 22.627c-6.248 6.248-6.248 16.379 0 22.627l104 104c6.249 6.249 16.379 6.249 22.628.001z\"><\/path><\/svg>\t\t\t\t\t\t<\/span>\n\t\t\t\t\t\t\t\t\t\t<span class=\"elementor-icon-list-text\">Une conception centr\u00e9e sur l\u2019utilisateur qui permet \u00e0 chacun de g\u00e9rer sa sant\u00e9 en toute autonomie<\/span>\n\t\t\t\t\t\t\t\t\t<\/li>\n\t\t\t\t\t\t\t\t<li class=\"elementor-icon-list-item\">\n\t\t\t\t\t\t\t\t\t\t\t<span class=\"elementor-icon-list-icon\">\n\t\t\t\t\t\t\t<svg aria-hidden=\"true\" class=\"e-font-icon-svg e-fas-check-circle\" viewbox=\"0 0 512 512\" xmlns=\"http:\/\/www.w3.org\/2000\/svg\"><path d=\"M504 256c0 136.967-111.033 248-248 248S8 392.967 8 256 119.033 8 256 8s248 111.033 248 248zM227.314 387.314l184-184c6.248-6.248 6.248-16.379 0-22.627l-22.627-22.627c-6.248-6.249-16.379-6.249-22.628 0L216 308.118l-70.059-70.059c-6.248-6.248-16.379-6.248-22.628 0l-22.627 22.627c-6.248 6.248-6.248 16.379 0 22.627l104 104c6.249 6.249 16.379 6.249 22.628.001z\"><\/path><\/svg>\t\t\t\t\t\t<\/span>\n\t\t\t\t\t\t\t\t\t\t<span class=\"elementor-icon-list-text\">Une accessibilit\u00e9 mondiale, gr\u00e2ce \u00e0 des fonctionnalit\u00e9s comme la traduction instantan\u00e9e multilingue<\/span>\n\t\t\t\t\t\t\t\t\t<\/li>\n\t\t\t\t\t\t\t\t<li class=\"elementor-icon-list-item\">\n\t\t\t\t\t\t\t\t\t\t\t<span class=\"elementor-icon-list-icon\">\n\t\t\t\t\t\t\t<svg aria-hidden=\"true\" class=\"e-font-icon-svg e-fas-check-circle\" viewbox=\"0 0 512 512\" xmlns=\"http:\/\/www.w3.org\/2000\/svg\"><path d=\"M504 256c0 136.967-111.033 248-248 248S8 392.967 8 256 119.033 8 256 8s248 111.033 248 248zM227.314 387.314l184-184c6.248-6.248 6.248-16.379 0-22.627l-22.627-22.627c-6.248-6.249-16.379-6.249-22.628 0L216 308.118l-70.059-70.059c-6.248-6.248-16.379-6.248-22.628 0l-22.627 22.627c-6.248 6.248-6.248 16.379 0 22.627l104 104c6.249 6.249 16.379 6.249 22.628.001z\"><\/path><\/svg>\t\t\t\t\t\t<\/span>\n\t\t\t\t\t\t\t\t\t\t<span class=\"elementor-icon-list-text\">Une innovation guid\u00e9e par une mission, qui r\u00e9pond aux d\u00e9fis r\u00e9els de la sant\u00e9, du bien-\u00eatre et des situations d\u2019urgence<\/span>\n\t\t\t\t\t\t\t\t\t<\/li>\n\t\t\t\t\t\t<\/ul>\n\t\t\t\t\t\t<\/div>\n\t\t\t\t<\/div>\n\t\t<div class=\"elementor-element elementor-element-4b096ea e-con-full e-flex e-con e-child\" data-id=\"4b096ea\" data-element_type=\"container\">\n\t\t\t\t<\/div>\n\t\t\t\t<\/div>\n\t\t<div class=\"elementor-element elementor-element-f0ef511 e-con-full e-flex e-con e-child\" data-id=\"f0ef511\" data-element_type=\"container\">\n\t\t\t\t<div class=\"elementor-element elementor-element-212eec6 elementor-widget elementor-widget-button\" data-id=\"212eec6\" data-element_type=\"widget\" data-widget_type=\"button.default\">\n\t\t\t\t<div class=\"elementor-widget-container\">\n\t\t\t\t\t\t\t\t\t<div class=\"elementor-button-wrapper\">\n\t\t\t\t\t<a class=\"elementor-button elementor-button-link elementor-size-sm\" href=\"#\">\n\t\t\t\t\t\t<span class=\"elementor-button-content-wrapper\">\n\t\t\t\t\t\t\t\t\t<span class=\"elementor-button-text\">Contact us<\/span>\n\t\t\t\t\t<\/span>\n\t\t\t\t\t<\/a>\n\t\t\t\t<\/div>\n\t\t\t\t\t\t\t\t<\/div>\n\t\t\t\t<\/div>\n\t\t\t\t<\/div>\n\t\t\t\t\t<\/div>\n\t\t\t\t<\/div>\n\t\t<div class=\"elementor-element elementor-element-4a42551 e-flex e-con-boxed e-con e-child\" data-id=\"4a42551\" data-element_type=\"container\">\n\t\t\t\t\t<div class=\"e-con-inner\">\n\t\t\t\t<div class=\"elementor-element elementor-element-0d175ec elementor-widget elementor-widget-image\" data-id=\"0d175ec\" data-element_type=\"widget\" data-widget_type=\"image.default\">\n\t\t\t\t<div class=\"elementor-widget-container\">\n\t\t\t\t\t\t\t\t\t\t\t\t\t\t\t<img decoding=\"async\" width=\"720\" height=\"411\" src=\"https:\/\/www.app-bluered.com\/wp-content\/uploads\/2025\/12\/website_about.png\" class=\"attachment-large size-large wp-image-1946\" alt=\"\" srcset=\"https:\/\/www.app-bluered.com\/wp-content\/uploads\/2025\/12\/website_about.png 1024w, https:\/\/www.app-bluered.com\/wp-content\/uploads\/2025\/12\/website_about-300x171.png 300w, https:\/\/www.app-bluered.com\/wp-content\/uploads\/2025\/12\/website_about-768x438.png 768w, https:\/\/www.app-bluered.com\/wp-content\/uploads\/2025\/12\/website_about-600x342.png 600w\" sizes=\"(max-width: 720px) 100vw, 720px\" \/>\t\t\t\t\t\t\t\t\t\t\t\t\t\t\t<\/div>\n\t\t\t\t<\/div>\n\t\t\t\t\t<\/div>\n\t\t\t\t<\/div>\n\t\t\t\t\t<\/div>\n\t\t\t\t<\/div>\n\t\t\t\t\t<\/div>\n\t\t\t\t<\/div>\n\t\t<div class=\"elementor-element elementor-element-fbc0d6a e-flex e-con-boxed e-con e-parent\" data-id=\"fbc0d6a\" data-element_type=\"container\">\n\t\t\t\t\t<div class=\"e-con-inner\">\n\t\t\t\t<div class=\"elementor-element elementor-element-1bb0ee4 elementor-widget__width-initial elementor-widget elementor-widget-elementskit-heading\" data-id=\"1bb0ee4\" data-element_type=\"widget\" data-widget_type=\"elementskit-heading.default\">\n\t\t\t\t<div class=\"elementor-widget-container\">\n\t\t\t\t\t<div class=\"ekit-wid-con\" ><div class=\"ekit-heading elementskit-section-title-wraper text_center   ekit_heading_tablet-   ekit_heading_mobile-text_center\"><h3 class=\"elementskit-section-subtitle\">\n\t\t\t\t\t\tVos donn\u00e9es \u00e0 port\u00e9e de main\n\t\t\t\t\t<\/h3><h2 class=\"ekit-heading--title elementskit-section-title\">Vous donner le pouvoir de g\u00e9rer votre sant\u00e9 gr\u00e2ce \u00e0 des donn\u00e9es m\u00e9dicales accessibles et portables<\/h2>\t\t\t\t<div class='ekit-heading__description'>\n\t\t\t\t\t<p>Redonner \u00e0 chacun le contr\u00f4le de ses donn\u00e9es m\u00e9dicales \u2014 en les rendant portables, s\u00e9curis\u00e9es et accessibles chaque fois que la vie l\u2019exige.<\/p>\n<p>Construire un monde o\u00f9 les informations de sant\u00e9 vous accompagnent partout, pour des d\u00e9cisions plus rapides, des soins plus s\u00fbrs et une meilleure \u00e9quit\u00e9 \u2014 partout dans le monde.<\/p>\n\t\t\t\t<\/div>\n\t\t\t<\/div><\/div>\t\t\t\t<\/div>\n\t\t\t\t<\/div>\n\t\t\t\t\t<\/div>\n\t\t\t\t<\/div>\n\t\t\t\t<\/div>","protected":false},"excerpt":{"rendered":"<p>About Us INTRODUCTION TO US Building the Future of Digital Health Edenim Group LLC is a U.S.-based technology company at the forefront of digital health innovation. We specialize in mobile app development at the intersection of healthcare, nutrition, and personal wellness. Founded with a clear mission, to simplify and enhance health management through intelligent, intuitive tools. We build mobile platforms [&hellip;]<\/p>\n","protected":false},"author":1,"featured_media":0,"parent":0,"menu_order":0,"comment_status":"closed","ping_status":"closed","template":"elementor_header_footer","meta":{"footnotes":""},"class_list":["post-736","page","type-page","status-publish","hentry"],"_links":{"self":[{"href":"https:\/\/www.app-bluered.com\/fr\/wp-json\/wp\/v2\/pages\/736","targetHints":{"allow":["GET"]}}],"collection":[{"href":"https:\/\/www.app-bluered.com\/fr\/wp-json\/wp\/v2\/pages"}],"about":[{"href":"https:\/\/www.app-bluered.com\/fr\/wp-json\/wp\/v2\/types\/page"}],"author":[{"embeddable":true,"href":"https:\/\/www.app-bluered.com\/fr\/wp-json\/wp\/v2\/users\/1"}],"replies":[{"embeddable":true,"href":"https:\/\/www.app-bluered.com\/fr\/wp-json\/wp\/v2\/comments?post=736"}],"version-history":[{"count":177,"href":"https:\/\/www.app-bluered.com\/fr\/wp-json\/wp\/v2\/pages\/736\/revisions"}],"predecessor-version":[{"id":2516,"href":"https:\/\/www.app-bluered.com\/fr\/wp-json\/wp\/v2\/pages\/736\/revisions\/2516"}],"wp:attachment":[{"href":"https:\/\/www.app-bluered.com\/fr\/wp-json\/wp\/v2\/media?parent=736"}],"curies":[{"name":"wp","href":"https:\/\/api.w.org\/{rel}","templated":true}]}}