{"id":2003,"date":"2025-12-15T17:54:51","date_gmt":"2025-12-15T16:54:51","guid":{"rendered":"https:\/\/www.app-bluered.com\/?page_id=2003"},"modified":"2026-03-10T22:50:38","modified_gmt":"2026-03-10T21:50:38","slug":"account-deletion-bluered","status":"publish","type":"page","link":"https:\/\/www.app-bluered.com\/fr\/account-deletion-bluered\/","title":{"rendered":"Suppression du compte \u2013 BlueRed"},"content":{"rendered":"<div data-elementor-type=\"wp-page\" data-elementor-id=\"2003\" class=\"elementor elementor-2003\" data-elementor-post-type=\"page\">\n\t\t\t\t<div class=\"elementor-element elementor-element-ca3820a e-flex e-con-boxed e-con e-parent\" data-id=\"ca3820a\" data-element_type=\"container\" data-settings=\"{&quot;background_background&quot;:&quot;gradient&quot;}\">\n\t\t\t\t\t<div class=\"e-con-inner\">\n\t\t<div class=\"elementor-element elementor-element-a18c70a e-flex e-con-boxed e-con e-child\" data-id=\"a18c70a\" data-element_type=\"container\">\n\t\t\t\t\t<div class=\"e-con-inner\">\n\t\t\t\t<div class=\"elementor-element elementor-element-7a17344 elementor-widget elementor-widget-heading\" data-id=\"7a17344\" data-element_type=\"widget\" data-widget_type=\"heading.default\">\n\t\t\t\t<div class=\"elementor-widget-container\">\n\t\t\t\t\t<h2 class=\"elementor-heading-title elementor-size-default\">Suppression du compte<\/h2>\t\t\t\t<\/div>\n\t\t\t\t<\/div>\n\t\t\t\t\t<\/div>\n\t\t\t\t<\/div>\n\t\t\t\t\t<\/div>\n\t\t\t\t<\/div>\n\t\t<div class=\"elementor-element elementor-element-6cb8691 e-flex e-con-boxed e-con e-parent\" data-id=\"6cb8691\" data-element_type=\"container\">\n\t\t\t\t\t<div class=\"e-con-inner\">\n\t\t\t\t<div class=\"elementor-element elementor-element-10f8cec elementor-widget__width-initial elementor-widget elementor-widget-elementskit-heading\" data-id=\"10f8cec\" data-element_type=\"widget\" data-widget_type=\"elementskit-heading.default\">\n\t\t\t\t<div class=\"elementor-widget-container\">\n\t\t\t\t\t<div class=\"ekit-wid-con\" ><div class=\"ekit-heading elementskit-section-title-wraper text_left   ekit_heading_tablet-   ekit_heading_mobile-text_left\"><h2 class=\"ekit-heading--title elementskit-section-title\">Suppression du compte \u2013 BlueRed<\/h2>\t\t\t\t<div class='ekit-heading__description'>\n\t\t\t\t\t<p>Les utilisateurs de l\u2019application <strong>BlueRed<\/strong> peuvent supprimer leur compte ainsi que toutes les donn\u00e9es associ\u00e9es directement depuis l\u2019application.<\/p>\n<p><strong>Comment supprimer votre compte<\/strong><\/p>\n<p>1-Ouvrez l\u2019application <strong>BlueRed<\/strong> app<\/p>\n<p>2-Acc\u00e9dez aux <strong>Param\u00e8tres<\/strong><\/p>\n<p>3-S\u00e9lectionnez <strong>Supprimer mon compte<\/strong><\/p>\n<p>4-Confirmez la suppression<\/p>\n<p><strong>Donn\u00e9es supprim\u00e9es<\/strong><\/p>\n<p>La suppression de votre compte entra\u00eenera la suppression d\u00e9finitive des donn\u00e9es suivantes :<\/p>\n<p>Informations du compte utilisateur<\/p>\n<p>Donn\u00e9es de sant\u00e9 et donn\u00e9es m\u00e9dicales<\/p>\n<p>Documents m\u00e9dicaux t\u00e9l\u00e9charg\u00e9s<\/p>\n<p>Une fois la suppression confirm\u00e9e, l\u2019utilisateur est automatiquement d\u00e9connect\u00e9 et redirig\u00e9 vers l\u2019\u00e9cran d\u2019accueil.<\/p>\n<p>Si vous avez des questions concernant la suppression de votre compte, veuillez nous contacter \u00e0 l\u2019adresse suivante :<br \/>\ud83d\udce7 <strong><a class=\"decorated-link cursor-pointer\" rel=\"noopener\">contact@app-bluered.com<\/a><\/strong><\/p>\n\t\t\t\t<\/div>\n\t\t\t<\/div><\/div>\t\t\t\t<\/div>\n\t\t\t\t<\/div>\n\t\t\t\t\t<\/div>\n\t\t\t\t<\/div>\n\t\t\t\t<\/div>","protected":false},"excerpt":{"rendered":"<p>Account Deletion Account Deletion \u2013 BlueRed Users of the BlueRed application can delete their account and all associated data directly from within the app. How to delete your account 1-Open the BlueRed app 2-Go to Settings 3-Select Delete my account 4-Confirm the deletion Data deleted Deleting your account will permanently remove the following data: User account information Health and medical [&hellip;]<\/p>\n","protected":false},"author":1,"featured_media":0,"parent":0,"menu_order":0,"comment_status":"closed","ping_status":"closed","template":"elementor_header_footer","meta":{"footnotes":""},"class_list":["post-2003","page","type-page","status-publish","hentry"],"_links":{"self":[{"href":"https:\/\/www.app-bluered.com\/fr\/wp-json\/wp\/v2\/pages\/2003","targetHints":{"allow":["GET"]}}],"collection":[{"href":"https:\/\/www.app-bluered.com\/fr\/wp-json\/wp\/v2\/pages"}],"about":[{"href":"https:\/\/www.app-bluered.com\/fr\/wp-json\/wp\/v2\/types\/page"}],"author":[{"embeddable":true,"href":"https:\/\/www.app-bluered.com\/fr\/wp-json\/wp\/v2\/users\/1"}],"replies":[{"embeddable":true,"href":"https:\/\/www.app-bluered.com\/fr\/wp-json\/wp\/v2\/comments?post=2003"}],"version-history":[{"count":25,"href":"https:\/\/www.app-bluered.com\/fr\/wp-json\/wp\/v2\/pages\/2003\/revisions"}],"predecessor-version":[{"id":2525,"href":"https:\/\/www.app-bluered.com\/fr\/wp-json\/wp\/v2\/pages\/2003\/revisions\/2525"}],"wp:attachment":[{"href":"https:\/\/www.app-bluered.com\/fr\/wp-json\/wp\/v2\/media?parent=2003"}],"curies":[{"name":"wp","href":"https:\/\/api.w.org\/{rel}","templated":true}]}}